{"id":234,"date":"2021-04-27T22:05:06","date_gmt":"2021-04-27T22:05:06","guid":{"rendered":"https:\/\/faulensee.pep-up.ch\/?page_id=234"},"modified":"2025-07-12T16:04:32","modified_gmt":"2025-07-12T16:04:32","slug":"burgerbaeuert","status":"publish","type":"page","link":"https:\/\/faulensee.ch\/index.php\/burgerbaeuert\/","title":{"rendered":"Forsthaus"},"content":{"rendered":"\t\t<div data-elementor-type=\"wp-page\" data-elementor-id=\"234\" class=\"elementor elementor-234\" data-elementor-post-type=\"page\">\n\t\t\t\t\t\t<section class=\"elementor-section elementor-top-section elementor-element elementor-element-7b05fb9 elementor-section-boxed elementor-section-height-default elementor-section-height-default\" data-id=\"7b05fb9\" data-element_type=\"section\" data-e-type=\"section\">\n\t\t\t\t\t\t<div class=\"elementor-container elementor-column-gap-default\">\n\t\t\t\t\t<div class=\"elementor-column elementor-col-50 elementor-top-column elementor-element elementor-element-fe77b1e\" data-id=\"fe77b1e\" data-element_type=\"column\" data-e-type=\"column\">\n\t\t\t<div class=\"elementor-widget-wrap elementor-element-populated\">\n\t\t\t\t\t\t<div class=\"elementor-element elementor-element-9960c4a elementor-widget elementor-widget-heading\" data-id=\"9960c4a\" data-element_type=\"widget\" data-e-type=\"widget\" data-widget_type=\"heading.default\">\n\t\t\t\t<div class=\"elementor-widget-container\">\n\t\t\t\t\t<h3 class=\"elementor-heading-title elementor-size-default\">Was ist eine Burgerb\u00e4uert?<\/h3>\t\t\t\t<\/div>\n\t\t\t\t<\/div>\n\t\t\t\t<div class=\"elementor-element elementor-element-fdf7c91 elementor-widget elementor-widget-text-editor\" data-id=\"fdf7c91\" data-element_type=\"widget\" data-e-type=\"widget\" data-widget_type=\"text-editor.default\">\n\t\t\t\t<div class=\"elementor-widget-container\">\n\t\t\t\t\t\t\t\t\t<p>Eine Burgergemeinde oder Burgerliche Korporation, kurz Burgerb\u00e4uert genannt, ist eine \u00f6ffentliche, rechtliche K\u00f6rperschaft, welche dem Gemeindegesetz unterliegt.<\/p><p>Der Ursprung der B\u00e4uerten kommt aus der Zeit, als die Leute noch nicht so mobil waren. Es gab vermutlich in jedem Dorf eine Art Burgerb\u00e4uert. Von da stammt auch der Begriff f\u00fcr das Dorf (B\u00e4uert). Die B\u00e4uerten \u00fcbernahmen weitgehend \u00f6ffentliche Aufgaben und waren Vorg\u00e4nger der politischen Gemeinden. Sie hatten eine weit gr\u00f6ssere Bedeutung als heutzutage. Viele Bewohner besassen einen eigenen Bauernbetrieb und waren vielfach Selbstversorger. Das Vieh wurde in der Sommerzeit auf die Alp (z\u2019B\u00e4rg) gebracht, damit in der Talschaft Heu und Emd geerntet werden konnte um so im Winter gen\u00fcgend Futter f\u00fcr die Tiere zu haben.<\/p><p>Das Holz als Energietr\u00e4ger und Baustoff hatte fr\u00fcher eine sehr grosse Bedeutung.<br \/>Dies sind Gr\u00fcnde weshalb heute Bugerb\u00e4uerten oftmals Besitzer von grossen Liegenschaften wie W\u00e4lder, Allmenden oder Alpen sind.<\/p><p>Die Aufgabe unserer Burgerb\u00e4uert besteht darin, Eigentum zu erhalten und zu pflegen. Diese T\u00e4tigkeiten, welche grossenteils auf freiwilliger Basis und mit viel Idealismus ausge\u00fcbt werden, dienen vor allem der \u00d6ffentlichkeit.<\/p><p>Das Dorf Faulensee z\u00e4hlt heute ca. 1\u2019200 Einwohner. Rund 130 davon sind Burgerinnen und Burger. Die Burgerb\u00e4uert ist im Besitz von ca. 215 ha Wald. Es sind dies der B\u00fcrg- und Seeholzwald in Faulensee und diverse Waldparzellen im Kiental. Der Wald im Kiental geh\u00f6rt zu einer Alp mit 21 H\u00fctten und \u00fcber 100 Kuhrechten, von welcher die Burger ebenfalls stolze Besitzer sind.<\/p>\t\t\t\t\t\t\t\t<\/div>\n\t\t\t\t<\/div>\n\t\t\t\t<div class=\"elementor-element elementor-element-4a6e162 elementor-widget-divider--view-line elementor-widget elementor-widget-divider\" data-id=\"4a6e162\" data-element_type=\"widget\" data-e-type=\"widget\" data-widget_type=\"divider.default\">\n\t\t\t\t<div class=\"elementor-widget-container\">\n\t\t\t\t\t\t\t<div class=\"elementor-divider\">\n\t\t\t<span class=\"elementor-divider-separator\">\n\t\t\t\t\t\t<\/span>\n\t\t<\/div>\n\t\t\t\t\t\t<\/div>\n\t\t\t\t<\/div>\n\t\t\t\t<div class=\"elementor-element elementor-element-cf97dc3 elementor-widget elementor-widget-heading\" data-id=\"cf97dc3\" data-element_type=\"widget\" data-e-type=\"widget\" data-widget_type=\"heading.default\">\n\t\t\t\t<div class=\"elementor-widget-container\">\n\t\t\t\t\t<h3 class=\"elementor-heading-title elementor-size-default\">Belegungsplan Forsthaus<\/h3>\t\t\t\t<\/div>\n\t\t\t\t<\/div>\n\t\t\t\t<div class=\"elementor-element elementor-element-f6a4e6d elementor-widget elementor-widget-html\" data-id=\"f6a4e6d\" data-element_type=\"widget\" data-e-type=\"widget\" data-widget_type=\"html.default\">\n\t\t\t\t<div class=\"elementor-widget-container\">\n\t\t\t\t\t<iframe src=\" https:\/\/www.belplan.de\/belegungsplan\/y6v4pvh7hncs2nd2\" width=\"90%\" height=\"250\" name=\"iFrame\" title=\"Das ist mein Video\"><\/iframe>\t\t\t\t<\/div>\n\t\t\t\t<\/div>\n\t\t\t\t<div class=\"elementor-element elementor-element-b50ff96 elementor-widget-divider--view-line elementor-widget elementor-widget-divider\" data-id=\"b50ff96\" data-element_type=\"widget\" data-e-type=\"widget\" data-widget_type=\"divider.default\">\n\t\t\t\t<div class=\"elementor-widget-container\">\n\t\t\t\t\t\t\t<div class=\"elementor-divider\">\n\t\t\t<span class=\"elementor-divider-separator\">\n\t\t\t\t\t\t<\/span>\n\t\t<\/div>\n\t\t\t\t\t\t<\/div>\n\t\t\t\t<\/div>\n\t\t\t\t<div class=\"elementor-element elementor-element-b74807e elementor-widget elementor-widget-heading\" data-id=\"b74807e\" data-element_type=\"widget\" data-e-type=\"widget\" data-widget_type=\"heading.default\">\n\t\t\t\t<div class=\"elementor-widget-container\">\n\t\t\t\t\t<h3 class=\"elementor-heading-title elementor-size-default\">Konditionen, Reservation und Ausk\u00fcnfte<\/h3>\t\t\t\t<\/div>\n\t\t\t\t<\/div>\n\t\t\t\t<div class=\"elementor-element elementor-element-73747d1 elementor-widget elementor-widget-text-editor\" data-id=\"73747d1\" data-element_type=\"widget\" data-e-type=\"widget\" data-widget_type=\"text-editor.default\">\n\t\t\t\t<div class=\"elementor-widget-container\">\n\t\t\t\t\t\t\t\t\t<h5>Preise<\/h5><p><strong><u>Montag bis Donnerstag<\/u><\/strong><br \/>CHF 240.- pro Vermietung\/Tag<br \/>Alles inbegriffen, keine Zusatzkosten<\/p><p><strong><u>Freitag bis Sonntag und allgemeine Feiertage<\/u><\/strong><br \/>CHF 290.- pro Vermietung\/Tag<br \/>Alles inbegriffen, keine Zusatzkosten<\/p><h5>Nutzungsdauer<\/h5><p>Maximale Nutzungsdauer pro gemieteten Tag, von Morgens 10.00 bis Anderntags 06.00 Uhr.<br \/>Der Beginn der Nutzung kann mit dem H\u00fcttenwart abgesprochen werden.<br \/>Das Mietobjekt inkl. Umgebung, muss unbedingt in gereinigtem Zustand verlassen werden.<\/p><h5>Reservation und Ausk\u00fcnfte<\/h5><p>Direkt \u00fcber\u00a0<a href=\"http:\/\/www.belplan.de\/anfrage\/y6v4pvh7hncs2nd2\">&#8222;Anfrage senden&#8220;<\/a>\u00a0oder per Telefon an:<br \/>Miriam Hofer Ogi +41 79 823 48 50\u00a0<strong>unbedingt auf Band sprechen!<\/strong><\/p>\t\t\t\t\t\t\t\t<\/div>\n\t\t\t\t<\/div>\n\t\t\t\t\t<\/div>\n\t\t<\/div>\n\t\t\t\t<div class=\"elementor-column elementor-col-50 elementor-top-column elementor-element elementor-element-29c1535\" data-id=\"29c1535\" data-element_type=\"column\" data-e-type=\"column\">\n\t\t\t<div class=\"elementor-widget-wrap elementor-element-populated\">\n\t\t\t\t\t\t<div class=\"elementor-element elementor-element-03a8395 elementor-widget elementor-widget-heading\" data-id=\"03a8395\" data-element_type=\"widget\" data-e-type=\"widget\" data-widget_type=\"heading.default\">\n\t\t\t\t<div class=\"elementor-widget-container\">\n\t\t\t\t\t<h3 class=\"elementor-heading-title elementor-size-default\">Forsthaus Faulensee<\/h3>\t\t\t\t<\/div>\n\t\t\t\t<\/div>\n\t\t\t\t<div class=\"elementor-element elementor-element-6eecbb4 elementor-widget elementor-widget-text-editor\" data-id=\"6eecbb4\" data-element_type=\"widget\" data-e-type=\"widget\" data-widget_type=\"text-editor.default\">\n\t\t\t\t<div class=\"elementor-widget-container\">\n\t\t\t\t\t\t\t\t\t<p>Mitten im Seeholzwald, im Grenzbereich Spiez, Krattigen und Aeschi liegt unsere\u00a0<strong><em>Waldh\u00fctte.<\/em><\/strong><br \/>Sie kann w\u00e4hrend dem ganzen Jahr gemietet werden und bietet im Innern des Geb\u00e4udes 55 Personen Platz.<\/p><p>Ein Chminee und gen\u00fcgend Sitzgelegenheiten sorgen f\u00fcr eine gem\u00fctliche Atmosph\u00e4re. Es steht zudem eine Infrastruktur mit moderner K\u00fcche und gen\u00fcgend Geschirr zur Nutzung bereit. Auf dem Vorplatz ausserhalb der H\u00fctte sind eine gedeckte Feuerstelle und Sitzgelegenheiten vorhanden. Die H\u00fctte ist ganz vom Wald umgeben, so dass keine Nachbarn in ihrer Ruhe beeintr\u00e4chtigt werden.<\/p>\t\t\t\t\t\t\t\t<\/div>\n\t\t\t\t<\/div>\n\t\t\t\t<div class=\"elementor-element elementor-element-041d94c elementor-skin-carousel elementor-arrows-yes elementor-pagination-type-bullets elementor-pagination-position-outside elementor-widget elementor-widget-media-carousel\" data-id=\"041d94c\" data-element_type=\"widget\" data-e-type=\"widget\" data-settings=\"{&quot;slides_per_view&quot;:&quot;2&quot;,&quot;skin&quot;:&quot;carousel&quot;,&quot;effect&quot;:&quot;slide&quot;,&quot;show_arrows&quot;:&quot;yes&quot;,&quot;pagination&quot;:&quot;bullets&quot;,&quot;speed&quot;:500,&quot;autoplay&quot;:&quot;yes&quot;,&quot;autoplay_speed&quot;:5000,&quot;loop&quot;:&quot;yes&quot;,&quot;pause_on_hover&quot;:&quot;yes&quot;,&quot;pause_on_interaction&quot;:&quot;yes&quot;,&quot;space_between&quot;:{&quot;unit&quot;:&quot;px&quot;,&quot;size&quot;:10,&quot;sizes&quot;:[]},&quot;space_between_tablet&quot;:{&quot;unit&quot;:&quot;px&quot;,&quot;size&quot;:10,&quot;sizes&quot;:[]},&quot;space_between_mobile&quot;:{&quot;unit&quot;:&quot;px&quot;,&quot;size&quot;:10,&quot;sizes&quot;:[]}}\" data-widget_type=\"media-carousel.default\">\n\t\t\t\t<div class=\"elementor-widget-container\">\n\t\t\t\t\t\t\t\t\t<div class=\"elementor-swiper\">\n\t\t\t\t\t<div class=\"elementor-main-swiper swiper\" role=\"region\" aria-roledescription=\"carousel\" aria-label=\"Slider\">\n\t\t\t\t<div class=\"swiper-wrapper\">\n\t\t\t\t\t\t\t\t\t\t\t<div class=\"swiper-slide\" role=\"group\" aria-roledescription=\"slide\">\n\t\t\t\t\t\t\t\t\t<div class=\"elementor-carousel-image\" role=\"img\" aria-label=\"Forsthaus Faulensee\" style=\"background-image: url(&#039;https:\/\/faulensee.ch\/wp-content\/uploads\/2021\/04\/wh1.jpg&#039;)\">\n\n\t\t\t\n\t\t\t\t\t<\/div>\n\t\t\t\t\t\t\t\t<\/div>\n\t\t\t\t\t\t\t\t\t\t\t<div class=\"swiper-slide\" role=\"group\" aria-roledescription=\"slide\">\n\t\t\t\t\t\t\t\t\t<div class=\"elementor-carousel-image\" role=\"img\" aria-label=\"Forsthaus Faulensee\" style=\"background-image: url(&#039;https:\/\/faulensee.ch\/wp-content\/uploads\/2021\/04\/wh2.jpg&#039;)\">\n\n\t\t\t\n\t\t\t\t\t<\/div>\n\t\t\t\t\t\t\t\t<\/div>\n\t\t\t\t\t\t\t\t\t\t\t<div class=\"swiper-slide\" role=\"group\" aria-roledescription=\"slide\">\n\t\t\t\t\t\t\t\t\t<div class=\"elementor-carousel-image\" role=\"img\" aria-label=\"K\u00fcche Forsthaus Faulensee\" style=\"background-image: url(&#039;https:\/\/faulensee.ch\/wp-content\/uploads\/2021\/04\/wh5.jpg&#039;)\">\n\n\t\t\t\n\t\t\t\t\t<\/div>\n\t\t\t\t\t\t\t\t<\/div>\n\t\t\t\t\t\t\t\t\t\t\t<div class=\"swiper-slide\" role=\"group\" aria-roledescription=\"slide\">\n\t\t\t\t\t\t\t\t\t<div class=\"elementor-carousel-image\" role=\"img\" aria-label=\"Aufenthaltsraum Forsthaus Faulensee\" style=\"background-image: url(&#039;https:\/\/faulensee.ch\/wp-content\/uploads\/2021\/04\/wh6.jpg&#039;)\">\n\n\t\t\t\n\t\t\t\t\t<\/div>\n\t\t\t\t\t\t\t\t<\/div>\n\t\t\t\t\t\t\t\t\t\t\t<div class=\"swiper-slide\" role=\"group\" aria-roledescription=\"slide\">\n\t\t\t\t\t\t\t\t\t<div class=\"elementor-carousel-image\" role=\"img\" aria-label=\"Aufenthaltsraum Forsthaus Faulensee\" style=\"background-image: url(&#039;https:\/\/faulensee.ch\/wp-content\/uploads\/2021\/04\/wh4.jpg&#039;)\">\n\n\t\t\t\n\t\t\t\t\t<\/div>\n\t\t\t\t\t\t\t\t<\/div>\n\t\t\t\t\t\t\t\t\t<\/div>\n\t\t\t\t\t\t\t\t\t\t\t\t\t\t\t<div class=\"elementor-swiper-button elementor-swiper-button-prev\" role=\"button\" tabindex=\"0\" aria-label=\"Voriger\">\n\t\t\t\t\t\t\t<i aria-hidden=\"true\" class=\"eicon-chevron-left\"><\/i>\t\t\t\t\t\t<\/div>\n\t\t\t\t\t\t<div class=\"elementor-swiper-button elementor-swiper-button-next\" role=\"button\" tabindex=\"0\" aria-label=\"N\u00e4chster\">\n\t\t\t\t\t\t\t<i aria-hidden=\"true\" class=\"eicon-chevron-right\"><\/i>\t\t\t\t\t\t<\/div>\n\t\t\t\t\t\t\t\t\t\t\t\t\t\t\t\t<div class=\"swiper-pagination\"><\/div>\n\t\t\t\t\t\t\t\t\t\t\t\t<\/div>\n\t\t\t\t<\/div>\n\t\t\t\t\t\t\t\t<\/div>\n\t\t\t\t<\/div>\n\t\t\t\t<div class=\"elementor-element elementor-element-49cc894 elementor-widget elementor-widget-text-editor\" data-id=\"49cc894\" data-element_type=\"widget\" data-e-type=\"widget\" data-widget_type=\"text-editor.default\">\n\t\t\t\t<div class=\"elementor-widget-container\">\n\t\t\t\t\t\t\t\t\t<p><strong>Welche Festveranstaltungen sind bewilligungspflichtig?<\/strong><\/p>\n<ul>\n<li>Veranstaltungen, an denen Getr\u00e4nke oder Esswaren zum Verzehr an Ort und Stelle verkauft werden.<\/li>\n<li>Veranstaltungen im Freien mit Verwendung von Verst\u00e4rkeranlagen &gt;93 dB(A).<\/li>\n<li>Veranstaltungen im Freien mit Verwendung von Laseranlagen.<\/li>\n<\/ul>\n<p><strong>Der Weg zur Bewilligung<\/strong><br>Das Gesuch um gastgewerbliche Einzelbewilligung und die Meldungen f\u00fcr Veranstaltungen \u00fcber 93 dB(A) oder Laseranlagen k\u00f6nnen auf der&nbsp;<a href=\"http:\/\/www.jgk.be.ch\/jgk\/de\/index\/direktion\/organisation\/rsta\/formulare_bewilligungen\/gastgewerbe.html\" data-cke-saved-href=\"http:\/\/www.jgk.be.ch\/jgk\/de\/index\/direktion\/organisation\/rsta\/formulare_bewilligungen\/gastgewerbe.html\">Webseite des Regierungsstatthalteramtes<\/a>&nbsp;heruntergeladen werden. Die Gesuchsunterlagen k\u00f6nnen auch bei der Abteilung Sicherheit Spiez in Papierform bezogen werden.<\/p>\n<p>Die Gesuchsunterlagen m\u00fcssen vollst\u00e4ndig ausgef\u00fcllt 90 Tage vor der Veranstaltung bei der Abteilung Sicherheit eingereicht werden. Die Abteilung Sicherheit pr\u00fcft Ihr Anliegen und sendet die Gesuchunterlagen zur Bewilligung ans Regierungsstatthalteramt Frutigen-Niedersimmental weiter. Die Waldabteilung muss zustimmen.<\/p>\n<p><strong>Nachtruhe<\/strong><br>Die Nachtruhe gem\u00e4ss Art. 31 des Gemeindepolizeireglements ist ausserhalb der Forsth\u00fctte einzuhalten. Abweichungen von den zeitlichen Beschr\u00e4nkungen sind zul\u00e4ssig, wenn es sich um eine vom Regierungsstatthalteramt bewilligte Veranstaltung handelt.<\/p>\n<p>F\u00fcr den Zubringerdienst ist die H\u00fctte mit dem PW gut erreichbar. Gen\u00fcgend Parkpl\u00e4tze stehen am Rand des Waldes zu Verf\u00fcgung. Auf gefestigter Strasse erreicht man die H\u00fctte mit einem Fussmarsch in ca. 10 Minuten.<br><br><\/p>\t\t\t\t\t\t\t\t<\/div>\n\t\t\t\t<\/div>\n\t\t\t\t\t<\/div>\n\t\t<\/div>\n\t\t\t\t\t<\/div>\n\t\t<\/section>\n\t\t\t\t<\/div>\n\t\t","protected":false},"excerpt":{"rendered":"<p>Was ist eine Burgerb\u00e4uert? Eine Burgergemeinde oder Burgerliche Korporation, kurz Burgerb\u00e4uert genannt, ist eine \u00f6ffentliche, rechtliche K\u00f6rperschaft, welche dem Gemeindegesetz unterliegt. Der Ursprung der B\u00e4uerten kommt aus der Zeit, als die Leute noch nicht so mobil waren. Es gab vermutlich in jedem Dorf eine Art Burgerb\u00e4uert. Von da stammt auch der Begriff f\u00fcr das Dorf [&hellip;]<\/p>\n","protected":false},"author":1,"featured_media":0,"parent":0,"menu_order":0,"comment_status":"closed","ping_status":"closed","template":"","meta":{"site-sidebar-layout":"no-sidebar","site-content-layout":"page-builder","ast-site-content-layout":"default","site-content-style":"default","site-sidebar-style":"default","ast-global-header-display":"","ast-banner-title-visibility":"","ast-main-header-display":"","ast-hfb-above-header-display":"","ast-hfb-below-header-display":"","ast-hfb-mobile-header-display":"","site-post-title":"disabled","ast-breadcrumbs-content":"","ast-featured-img":"disabled","footer-sml-layout":"disabled","ast-disable-related-posts":"","theme-transparent-header-meta":"default","adv-header-id-meta":"","stick-header-meta":"","header-above-stick-meta":"","header-main-stick-meta":"","header-below-stick-meta":"","astra-migrate-meta-layouts":"default","ast-page-background-enabled":"default","ast-page-background-meta":{"desktop":{"background-color":"","background-image":"","background-repeat":"repeat","background-position":"center center","background-size":"auto","background-attachment":"scroll","background-type":"","background-media":"","overlay-type":"","overlay-color":"","overlay-opacity":"","overlay-gradient":""},"tablet":{"background-color":"","background-image":"","background-repeat":"repeat","background-position":"center center","background-size":"auto","background-attachment":"scroll","background-type":"","background-media":"","overlay-type":"","overlay-color":"","overlay-opacity":"","overlay-gradient":""},"mobile":{"background-color":"","background-image":"","background-repeat":"repeat","background-position":"center center","background-size":"auto","background-attachment":"scroll","background-type":"","background-media":"","overlay-type":"","overlay-color":"","overlay-opacity":"","overlay-gradient":""}},"ast-content-background-meta":{"desktop":{"background-color":"var(--ast-global-color-5)","background-image":"","background-repeat":"repeat","background-position":"center center","background-size":"auto","background-attachment":"scroll","background-type":"","background-media":"","overlay-type":"","overlay-color":"","overlay-opacity":"","overlay-gradient":""},"tablet":{"background-color":"var(--ast-global-color-5)","background-image":"","background-repeat":"repeat","background-position":"center center","background-size":"auto","background-attachment":"scroll","background-type":"","background-media":"","overlay-type":"","overlay-color":"","overlay-opacity":"","overlay-gradient":""},"mobile":{"background-color":"var(--ast-global-color-5)","background-image":"","background-repeat":"repeat","background-position":"center center","background-size":"auto","background-attachment":"scroll","background-type":"","background-media":"","overlay-type":"","overlay-color":"","overlay-opacity":"","overlay-gradient":""}},"footnotes":""},"class_list":["post-234","page","type-page","status-publish","hentry"],"_links":{"self":[{"href":"https:\/\/faulensee.ch\/index.php\/wp-json\/wp\/v2\/pages\/234","targetHints":{"allow":["GET"]}}],"collection":[{"href":"https:\/\/faulensee.ch\/index.php\/wp-json\/wp\/v2\/pages"}],"about":[{"href":"https:\/\/faulensee.ch\/index.php\/wp-json\/wp\/v2\/types\/page"}],"author":[{"embeddable":true,"href":"https:\/\/faulensee.ch\/index.php\/wp-json\/wp\/v2\/users\/1"}],"replies":[{"embeddable":true,"href":"https:\/\/faulensee.ch\/index.php\/wp-json\/wp\/v2\/comments?post=234"}],"version-history":[{"count":51,"href":"https:\/\/faulensee.ch\/index.php\/wp-json\/wp\/v2\/pages\/234\/revisions"}],"predecessor-version":[{"id":1511,"href":"https:\/\/faulensee.ch\/index.php\/wp-json\/wp\/v2\/pages\/234\/revisions\/1511"}],"wp:attachment":[{"href":"https:\/\/faulensee.ch\/index.php\/wp-json\/wp\/v2\/media?parent=234"}],"curies":[{"name":"wp","href":"https:\/\/api.w.org\/{rel}","templated":true}]}}